{"id":10177,"date":"2017-10-05T12:52:46","date_gmt":"2017-10-05T10:52:46","guid":{"rendered":"http:\/\/devel.smartperform.de\/produktgruppen\/"},"modified":"2019-08-16T09:31:56","modified_gmt":"2019-08-16T07:31:56","slug":"product-groups-2","status":"publish","type":"page","link":"https:\/\/smartperform.de\/en\/product-groups-2\/","title":{"rendered":"Product groups"},"content":{"rendered":"<p>[et_pb_section bb_built=&#8221;1&#8243; fullwidth=&#8221;on&#8221; specialty=&#8221;off&#8221; _builder_version=&#8221;3.0.89&#8243; next_background_color=&#8221;#000000&#8243;][et_pb_fullwidth_header title=&#8221;Software overview&#8221; text_orientation=&#8221;center&#8221; _builder_version=&#8221;3.14&#8243; title_font_size=&#8221;52&#8243; subhead_font_size=&#8221;33&#8243; background_image=&#8221;https:\/\/smartperform.de\/wp-content\/uploads\/2016\/10\/Header_volbreite-Kopfzeile_neutral.jpg&#8221; title_line_height_last_edited=&#8221;on|desktop&#8221; title_letter_spacing_last_edited=&#8221;off|desktop&#8221; title_font_size_last_edited=&#8221;on|tablet&#8221; title_font_size_tablet=&#8221;42&#8243; subhead_line_height_last_edited=&#8221;on|phone&#8221; saved_tabs=&#8221;all&#8221; max_width_tablet=&#8221;50px&#8221; subhead_line_height=&#8221;1.2em&#8221; background_color=&#8221;rgba(255, 255, 255, 0)&#8221; title_font_size_phone=&#8221;26&#8243; subhead_font_size_tablet=&#8221;23&#8243; subhead_font_size_phone=&#8221;16&#8243; subhead_font_size_last_edited=&#8221;on|phone&#8221; \/][\/et_pb_section][et_pb_section bb_built=&#8221;1&#8243; fullwidth=&#8221;off&#8221; specialty=&#8221;off&#8221; _builder_version=&#8221;3.0.78&#8243; background_color=&#8221;#ffffff&#8221; background_image=&#8221;https:\/\/smartperform.de\/wp-content\/uploads\/2017\/10\/Pro-Hintergrund-01.jpg&#8221; background_position=&#8221;top_center&#8221; prev_background_color=&#8221;#ffffff&#8221; next_background_color=&#8221;#f2f2f2&#8243;][et_pb_row _builder_version=&#8221;3.0.79&#8243;][et_pb_column type=&#8221;4_4&#8243;][et_pb_image _builder_version=&#8221;3.14&#8243; src=&#8221;https:\/\/smartperform.de\/wp-content\/uploads\/2017\/10\/Logo_smartPerform_Pro_wei\u00df_rgb_400px-breit.png&#8221; show_in_lightbox=&#8221;off&#8221; url_new_window=&#8221;off&#8221; use_overlay=&#8221;off&#8221; always_center_on_mobile=&#8221;off&#8221; border_style=&#8221;solid&#8221; force_fullwidth=&#8221;off&#8221; show_bottom_space=&#8221;on&#8221; custom_padding=&#8221;60px||60px|&#8221; custom_padding_tablet=&#8221;60px|20px|60px|20px&#8221; custom_padding_last_edited=&#8221;on|tablet&#8221; align=&#8221;left&#8221; custom_padding_phone=&#8221;60px|10px|60px|10px&#8221; border_style_all=&#8221;solid&#8221; \/][et_pb_text admin_label=&#8221;sP-Pro&#8221; _builder_version=&#8221;3.14&#8243; background_layout=&#8221;dark&#8221; border_style=&#8221;solid&#8221; custom_padding=&#8221;|||95px&#8221; custom_padding_last_edited=&#8221;on|phone&#8221; header_text_align=&#8221;left&#8221; custom_padding_tablet=&#8221;|20px||20px&#8221; custom_padding_phone=&#8221;|10px||10px&#8221; border_style_all=&#8221;solid&#8221;]<\/p>\n<h3>Customizable, expandable user interfaces<\/h3>\n<p>Media designers can easily create and maintain customized user interfaces with flexible design and features for presentation and collaboration applications using the smartPerform Designer Edition. Different player licenses for stand-alone or interlinked devices ensure professional operation and service.<\/p>\n<p>[\/et_pb_text][et_pb_cta admin_label=&#8221;Call to action&#8221; button_url=&#8221;https:\/\/smartperform.de\/en\/smartperform-pro\/&#8221; url_new_window=&#8221;off&#8221; button_text=&#8221;About the products&#8221; use_background_color=&#8221;off&#8221; background_layout=&#8221;dark&#8221; border_style=&#8221;solid&#8221; custom_button=&#8221;off&#8221; button_icon_placement=&#8221;right&#8221; disabled=&#8221;off&#8221; background_position=&#8221;top_left&#8221; background_repeat=&#8221;repeat&#8221; background_size=&#8221;initial&#8221; _builder_version=&#8221;3.0.89&#8243; saved_tabs=&#8221;all&#8221; custom_padding=&#8221;|||95px&#8221; custom_padding_last_edited=&#8221;on|phone&#8221; text_orientation=&#8221;left&#8221; custom_margin=&#8221;||60px|&#8221; button_alignment=&#8221;left&#8221; custom_margin_last_edited=&#8221;on|tablet&#8221; custom_padding_tablet=&#8221;|20px||20px&#8221; custom_padding_phone=&#8221;|10px||10px&#8221; border_style_all=&#8221;solid&#8221; \/][\/et_pb_column][\/et_pb_row][\/et_pb_section][et_pb_section bb_built=&#8221;1&#8243; fullwidth=&#8221;off&#8221; specialty=&#8221;off&#8221; _builder_version=&#8221;3.0.78&#8243; background_color=&#8221;#f2f2f2&#8243; background_image=&#8221;https:\/\/smartperform.de\/wp-content\/uploads\/2017\/10\/Applications-Hintergrund.jpg&#8221; background_position=&#8221;top_center&#8221; prev_background_color=&#8221;#ffffff&#8221; next_background_color=&#8221;#dddb00&#8243;][et_pb_row _builder_version=&#8221;3.0.78&#8243;][et_pb_column type=&#8221;4_4&#8243;][et_pb_image _builder_version=&#8221;3.0.79&#8243; src=&#8221;https:\/\/smartperform.de\/wp-content\/uploads\/2017\/10\/Logo_smartPerform_Applications_wei\u00df_rgb_400px-breit.png&#8221; show_in_lightbox=&#8221;off&#8221; url_new_window=&#8221;off&#8221; use_overlay=&#8221;off&#8221; always_center_on_mobile=&#8221;off&#8221; border_style=&#8221;solid&#8221; force_fullwidth=&#8221;off&#8221; show_bottom_space=&#8221;on&#8221; custom_padding=&#8221;60px||60px|&#8221; custom_padding_tablet=&#8221;60px|20px|60px|20px&#8221; custom_padding_last_edited=&#8221;on|phone&#8221; align=&#8221;left&#8221; custom_padding_phone=&#8221;60px|10px|60px|10px&#8221; \/][et_pb_text admin_label=&#8221;sP-Applications&#8221; _builder_version=&#8221;3.14&#8243; background_layout=&#8221;dark&#8221; border_style=&#8221;solid&#8221; custom_padding=&#8221;|||95px&#8221; custom_padding_last_edited=&#8221;on|phone&#8221; header_text_align=&#8221;left&#8221; custom_padding_tablet=&#8221;|20px||20px&#8221; custom_padding_phone=&#8221;|10px||10px&#8221;]<\/p>\n<h3>The Collaboration App<\/h3>\n<p>Your meetings become simple, creative and inspiring!<br \/>The smartPerform Collaboration App gives your meetings, conferences or seminars an unexpected dynamic. Whether it\u2019s presentation material, whiteboard features, media files, or live sources, the interactive interface unlocks all sources and brings together your creativity.<\/p>\n<p>[\/et_pb_text][et_pb_cta admin_label=&#8221;Call to action&#8221; button_url=&#8221;https:\/\/smartperform.de\/en\/collaboration-app-2\/&#8221; button_text=&#8221;About the product&#8221; use_background_color=&#8221;off&#8221; border_style=&#8221;solid&#8221; disabled=&#8221;off&#8221; background_position=&#8221;top_left&#8221; background_repeat=&#8221;repeat&#8221; background_size=&#8221;initial&#8221; _builder_version=&#8221;3.14&#8243; saved_tabs=&#8221;all&#8221; custom_padding=&#8221;|||95px&#8221; custom_padding_last_edited=&#8221;on|phone&#8221; text_orientation=&#8221;left&#8221; custom_margin=&#8221;||60px|&#8221; button_alignment=&#8221;left&#8221; custom_margin_last_edited=&#8221;on|tablet&#8221; custom_padding_tablet=&#8221;|20px||20px&#8221; custom_padding_phone=&#8221;|10px||10px&#8221; \/][\/et_pb_column][\/et_pb_row][\/et_pb_section][et_pb_section bb_built=&#8221;1&#8243; background_color=&#8221;#dddb00&#8243; _builder_version=&#8221;3.0.77&#8243; custom_padding_tablet=&#8221;50px|0|50px|0&#8243; custom_padding_last_edited=&#8221;on|desktop&#8221; prev_background_color=&#8221;#f2f2f2&#8243;][et_pb_row _builder_version=&#8221;3.0.78&#8243; background_size=&#8221;initial&#8221; background_position=&#8221;top_left&#8221; background_repeat=&#8221;repeat&#8221;][et_pb_column type=&#8221;4_4&#8243;][et_pb_cta admin_label=&#8221;Contact us!&#8221; button_url=&#8221;https:\/\/smartperform.de\/en\/contact\/&#8221; button_text=&#8221;Contact&#8221; use_background_color=&#8221;off&#8221; background_layout=&#8221;light&#8221; _builder_version=&#8221;3.14&#8243; background_size=&#8221;initial&#8221; background_position=&#8221;top_left&#8221; background_repeat=&#8221;repeat&#8221;]<\/p>\n<h2>Contact us!<\/h2>\n<p>[\/et_pb_cta][\/et_pb_column][\/et_pb_row][\/et_pb_section]<\/p>\n","protected":false},"excerpt":{"rendered":"<p>Customizable, expandable user interfaces Media designers can easily create and maintain customized user interfaces with flexible design and features for presentation and collaboration applications using the smartPerform Designer Edition. Different player licenses for stand-alone or interlinked devices ensure professional operation and service. The Collaboration App Your meetings become simple, creative and inspiring!The smartPerform Collaboration App [&hellip;]<\/p>\n","protected":false},"author":1,"featured_media":0,"parent":0,"menu_order":0,"comment_status":"open","ping_status":"closed","template":"","meta":{"_acf_changed":false,"_seopress_robots_primary_cat":"0","_seopress_titles_title":"","_seopress_titles_desc":"","_seopress_robots_index":"","_et_pb_use_builder":"on","_et_pb_old_content":"[et_pb_section bb_built=\"1\" fullwidth=\"on\" specialty=\"off\" _builder_version=\"3.0.79\"][et_pb_fullwidth_header title=\"Software\" subhead=\"f\u00fcr individuelle und standardisierte Anwendungen\" background_layout=\"dark\" text_orientation=\"center\" _builder_version=\"3.0.89\" title_font_size=\"52\" subhead_font_size=\"35\" background_image=\"https:\/\/smartperform.de\/wp-content\/uploads\/2016\/10\/Header_volbreite-Kopfzeile_neutral.jpg\" background_url=\"https:\/\/smartperform.de\/wp-content\/uploads\/2016\/10\/Header_volbreite-Kopfzeile_neutral.jpg\" title_line_height_last_edited=\"on|desktop\" title_letter_spacing_last_edited=\"on|desktop\" title_font_size_last_edited=\"on|desktop\" title_font_size_tablet=\"50px\" subhead_line_height_last_edited=\"on|phone\" saved_tabs=\"all\" header_fullscreen=\"off\" header_scroll_down=\"off\" image_orientation=\"center\" content_orientation=\"center\" custom_button_one=\"off\" button_one_icon_placement=\"right\" custom_button_two=\"off\" button_two_icon_placement=\"right\" max_width_tablet=\"50px\" subhead_line_height=\"1.2em\" title_letter_spacing=\"2px\" \/][\/et_pb_section][et_pb_section bb_built=\"1\" fullwidth=\"off\" specialty=\"off\" _builder_version=\"3.0.78\" background_color=\"#ffffff\" background_image=\"https:\/\/smartperform.de\/wp-content\/uploads\/2017\/10\/Pro-Hintergrund-01.jpg\" background_position=\"top_center\"][et_pb_row _builder_version=\"3.0.79\"][et_pb_column type=\"4_4\"][et_pb_image _builder_version=\"3.0.79\" src=\"https:\/\/smartperform.de\/wp-content\/uploads\/2017\/10\/Logo_smartPerform_Pro_wei\u00df_rgb_400px-breit.png\" show_in_lightbox=\"off\" url_new_window=\"off\" use_overlay=\"off\" always_center_on_mobile=\"off\" border_style=\"solid\" force_fullwidth=\"off\" show_bottom_space=\"on\" custom_padding=\"60px||60px|\" custom_padding_tablet=\"60px|20px|60px|20px\" custom_padding_last_edited=\"on|tablet\" align=\"left\" custom_padding_phone=\"60px|10px|60px|10px\" \/][et_pb_text admin_label=\"sP-Pro\" _builder_version=\"3.0.89\" background_layout=\"dark\" border_style=\"solid\" custom_padding=\"|||95px\" custom_padding_last_edited=\"on|phone\" header_text_align=\"left\" custom_padding_tablet=\"|20px||20px\" custom_padding_phone=\"|10px||10px\" border_style_all=\"solid\"]\r\n<h3>Individuelle, erweiterbare Benutzeroberfl\u00e4chen<\/h3>\r\nMediengestalter erstellen und pflegen auf einfachste Weise individuelle Benutzeroberfl\u00e4chen mit flexiblem Design und Funktionen f\u00fcr Pr\u00e4sentations- und Kollaborationsanwendungen mit der smartPerform Designer Edition. Unterschiedliche Player Lizenzen f\u00fcr Stand-Alone- oder vernetzte Ger\u00e4te garantieren den professionellen Betrieb und Service.\r\n\r\n[\/et_pb_text][et_pb_cta admin_label=\"Call to action\" button_url=\"http:\/\/wp.me\/P7lGpM-2vP\" url_new_window=\"off\" button_text=\"Zu den Produkten\" use_background_color=\"off\" background_layout=\"dark\" border_style=\"solid\" custom_button=\"off\" button_letter_spacing=\"0\" button_icon_placement=\"right\" button_letter_spacing_hover=\"0\" disabled=\"off\" background_position=\"top_left\" background_repeat=\"repeat\" background_size=\"initial\" _builder_version=\"3.0.79\" saved_tabs=\"all\" custom_padding=\"|||95px\" custom_padding_last_edited=\"on|phone\" text_orientation=\"left\" custom_margin=\"||60px|\" button_alignment=\"left\" custom_margin_last_edited=\"on|tablet\" custom_padding_tablet=\"|20px||20px\" custom_padding_phone=\"|10px||10px\" \/][\/et_pb_column][\/et_pb_row][\/et_pb_section][et_pb_section bb_built=\"1\" fullwidth=\"off\" specialty=\"off\" _builder_version=\"3.0.78\" background_color=\"#f2f2f2\" background_image=\"https:\/\/smartperform.de\/wp-content\/uploads\/2017\/10\/Applications-Hintergrund.jpg\" background_position=\"top_center\"][et_pb_row _builder_version=\"3.0.78\"][et_pb_column type=\"4_4\"][et_pb_image _builder_version=\"3.0.79\" src=\"https:\/\/smartperform.de\/wp-content\/uploads\/2017\/10\/Logo_smartPerform_Applications_wei\u00df_rgb_400px-breit.png\" show_in_lightbox=\"off\" url_new_window=\"off\" use_overlay=\"off\" always_center_on_mobile=\"off\" border_style=\"solid\" force_fullwidth=\"off\" show_bottom_space=\"on\" custom_padding=\"60px||60px|\" custom_padding_tablet=\"60px|20px|60px|20px\" custom_padding_last_edited=\"on|phone\" align=\"left\" custom_padding_phone=\"60px|10px|60px|10px\" \/][et_pb_text admin_label=\"sP-Applications\" _builder_version=\"3.0.89\" background_layout=\"dark\" border_style=\"solid\" custom_padding=\"|||95px\" custom_padding_last_edited=\"on|phone\" header_text_align=\"left\" custom_padding_tablet=\"|20px||20px\" custom_padding_phone=\"|10px||10px\" border_style_all=\"solid\"]\r\n<h3>Standardisierte Benutzeroberfl\u00e4chen<\/h3>\r\nDie smartPerform Applications werden von Displayherstellern, Distributoren und Fachpartnern in Produkt-Bundles eingesetzt (OEM) oder als Softwareprodukt f\u00fcr den Einsatz mit bereits vorhandener Technik vertrieben. Diese Apps verf\u00fcgen \u00fcber einen definierten Funktionsumfang mit Anpassungsm\u00f6glichkeiten f\u00fcr die spezifische Anwendungsumgebungen. smartPerform Applications k\u00f6nnen bei Bedarf \u00fcber ein Upgrade zur individuellen Anwendung (smartPerform Pro) ausgebaut werden.\r\n\r\n[\/et_pb_text][et_pb_cta admin_label=\"Call to action\" button_url=\"https:\/\/smartperform.de\/de\/smartperform-applications\/\" url_new_window=\"off\" button_text=\"Zu den Produkten\" use_background_color=\"off\" background_layout=\"dark\" border_style=\"solid\" custom_button=\"off\" button_letter_spacing=\"0\" button_icon_placement=\"right\" button_letter_spacing_hover=\"0\" disabled=\"off\" background_position=\"top_left\" background_repeat=\"repeat\" background_size=\"initial\" _builder_version=\"3.0.79\" saved_tabs=\"all\" custom_padding=\"|||95px\" custom_padding_last_edited=\"on|phone\" text_orientation=\"left\" custom_margin=\"||60px|\" button_alignment=\"left\" custom_margin_last_edited=\"on|tablet\" custom_padding_tablet=\"|20px||20px\" custom_padding_phone=\"|10px||10px\" \/][\/et_pb_column][\/et_pb_row][\/et_pb_section][et_pb_section bb_built=\"1\" background_color=\"#dddb00\" _builder_version=\"3.0.77\" custom_padding_tablet=\"50px|0|50px|0\" custom_padding_last_edited=\"on|desktop\"][et_pb_row _builder_version=\"3.0.78\" background_size=\"initial\" background_position=\"top_left\" background_repeat=\"repeat\"][et_pb_column type=\"4_4\"][et_pb_cta admin_label=\"Fragen Sie uns!\" button_url=\"https:\/\/smartperform.de\/de\/kontakt\/\" button_text=\"Kontakt\" use_background_color=\"off\" background_layout=\"light\" _builder_version=\"3.0.89\" background_size=\"initial\" background_position=\"top_left\" background_repeat=\"repeat\" url_new_window=\"off\" custom_button=\"off\" button_icon_placement=\"right\"]\r\n<h1 style=\"text-align: center;\">Fragen Sie uns!<\/h1>\r\n<h1 style=\"font-size: 34px; line-height: 1.14; margin-top: 15px;\"><\/h1>\r\n[\/et_pb_cta][\/et_pb_column][\/et_pb_row][\/et_pb_section]","_et_gb_content_width":"","footnotes":""},"dipi_cpt_category":[],"class_list":["post-10177","page","type-page","status-publish","hentry"],"acf":[],"_links":{"self":[{"href":"https:\/\/smartperform.de\/en\/wp-json\/wp\/v2\/pages\/10177","targetHints":{"allow":["GET"]}}],"collection":[{"href":"https:\/\/smartperform.de\/en\/wp-json\/wp\/v2\/pages"}],"about":[{"href":"https:\/\/smartperform.de\/en\/wp-json\/wp\/v2\/types\/page"}],"author":[{"embeddable":true,"href":"https:\/\/smartperform.de\/en\/wp-json\/wp\/v2\/users\/1"}],"replies":[{"embeddable":true,"href":"https:\/\/smartperform.de\/en\/wp-json\/wp\/v2\/comments?post=10177"}],"version-history":[{"count":0,"href":"https:\/\/smartperform.de\/en\/wp-json\/wp\/v2\/pages\/10177\/revisions"}],"wp:attachment":[{"href":"https:\/\/smartperform.de\/en\/wp-json\/wp\/v2\/media?parent=10177"}],"wp:term":[{"taxonomy":"dipi_cpt_category","embeddable":true,"href":"https:\/\/smartperform.de\/en\/wp-json\/wp\/v2\/dipi_cpt_category?post=10177"}],"curies":[{"name":"wp","href":"https:\/\/api.w.org\/{rel}","templated":true}]}}