{"id":23404,"date":"2019-03-27T13:09:03","date_gmt":"2019-03-27T11:09:03","guid":{"rendered":"http:\/\/devel.smartperform.de\/?page_id=23404"},"modified":"2024-09-09T08:29:18","modified_gmt":"2024-09-09T06:29:18","slug":"applications","status":"publish","type":"page","link":"https:\/\/smartperform.de\/en\/applications\/","title":{"rendered":"Applications"},"content":{"rendered":"<p>[et_pb_section fb_built=&#8221;1&#8243; fullwidth=&#8221;on&#8221; custom_padding_last_edited=&#8221;on|phone&#8221; _builder_version=&#8221;4.16&#8243; background_enable_image=&#8221;off&#8221; custom_padding_tablet=&#8221;||||false|false&#8221; custom_padding_phone=&#8221;&#8221; global_colors_info=&#8221;{}&#8221;][et_pb_fullwidth_header title=&#8221;Applications&#8221; subhead=&#8221;Make your Brand an Experience. Create Collaboration.&#8221; text_orientation=&#8221;center&#8221; _builder_version=&#8221;4.25.0&#8243; title_font_size=&#8221;52&#8243; subhead_font_size=&#8221;33&#8243; background_color=&#8221;rgba(255, 255, 255, 0)&#8221; background_image=&#8221;https:\/\/smartperform.de\/wp-content\/uploads\/2024\/05\/Element-7.svg&#8221; max_width_tablet=&#8221;50px&#8221; title_font_size_tablet=&#8221;42&#8243; title_font_size_phone=&#8221;26&#8243; title_font_size_last_edited=&#8221;on|desktop&#8221; subhead_font_size_tablet=&#8221;23&#8243; subhead_font_size_phone=&#8221;16&#8243; subhead_font_size_last_edited=&#8221;on|desktop&#8221; global_colors_info=&#8221;{}&#8221; button_one_text_size__hover_enabled=&#8221;off&#8221; button_two_text_size__hover_enabled=&#8221;off&#8221; button_one_text_color__hover_enabled=&#8221;off&#8221; button_two_text_color__hover_enabled=&#8221;off&#8221; button_one_border_width__hover_enabled=&#8221;off&#8221; button_two_border_width__hover_enabled=&#8221;off&#8221; button_one_border_color__hover_enabled=&#8221;off&#8221; button_two_border_color__hover_enabled=&#8221;off&#8221; button_one_border_radius__hover_enabled=&#8221;off&#8221; button_two_border_radius__hover_enabled=&#8221;off&#8221; button_one_letter_spacing__hover_enabled=&#8221;off&#8221; button_two_letter_spacing__hover_enabled=&#8221;off&#8221; button_one_bg_color__hover_enabled=&#8221;off&#8221; button_two_bg_color__hover_enabled=&#8221;off&#8221;][\/et_pb_fullwidth_header][\/et_pb_section][et_pb_section fb_built=&#8221;1&#8243; admin_label=&#8221;Solutions&#8221; _builder_version=&#8221;4.25.0&#8243; hover_enabled=&#8221;0&#8243; collapsed=&#8221;off&#8221; global_colors_info=&#8221;{}&#8221; module_id=&#8221;software-solutions&#8221; sticky_enabled=&#8221;0&#8243;][et_pb_row _builder_version=&#8221;4.16&#8243; background_enable_image=&#8221;off&#8221; background_size=&#8221;initial&#8221; background_position=&#8221;bottom_right&#8221; global_colors_info=&#8221;{}&#8221;][et_pb_column type=&#8221;4_4&#8243; _builder_version=&#8221;4.16&#8243; custom_padding=&#8221;|||&#8221; global_colors_info=&#8221;{}&#8221; custom_padding__hover=&#8221;|||&#8221;][et_pb_divider show_divider=&#8221;off&#8221; _builder_version=&#8221;4.16&#8243; height=&#8221;5px&#8221; global_colors_info=&#8221;{}&#8221;][\/et_pb_divider][et_pb_text admin_label=&#8221;Text L\u00f6sungen&#8221; _builder_version=&#8221;4.25.0&#8243; global_colors_info=&#8221;{}&#8221;]<\/p>\n<h1>Software Solutions<\/h1>\n<p style=\"text-align: left;\"><span style=\"color: #00a4c2; font-size: 16pt;\">Intuitive user interfaces powered by smartPerform<\/span><\/p>\n<p style=\"text-align: left;\">You can find it today in all areas of digital communication such as <a class=\"link-no-arrow\" href=\"https:\/\/smartperform.de\/en\/project\/meeting-and-collaboration\/\" target=\"_blank\" rel=\"noopener\">Meeting and Collaboration Areas<\/a>,<a class=\"link-no-arrow\" href=\"https:\/\/smartperform.de\/en\/project\/presentation-exhibits\/\" target=\"_blank\" rel=\"noopener\"> Information Systems<\/a>, <a class=\"link-no-arrow\" href=\"https:\/\/smartperform.de\/en\/project\/digital-notice-board\/\" target=\"_blank\" rel=\"noopener\">Digital Notice Boards<\/a>, <a class=\"link-no-arrow\" href=\"https:\/\/smartperform.de\/en\/project\/training\/\" target=\"_blank\" rel=\"noopener\">Teaching and Learning<\/a>, <a class=\"link-no-arrow\" href=\"https:\/\/smartperform.de\/en\/project\/multi-touch-table\/\" target=\"_blank\" rel=\"noopener\">Touchscreen Table<\/a>, <a class=\"link-no-arrow\" href=\"https:\/\/smartperform.de\/en\/project\/multi-touch-powerwall-2\/\" target=\"_blank\" rel=\"noopener\">Interactive Videowall<\/a>, <a class=\"link-no-arrow\" href=\"https:\/\/smartperform.de\/en\/project\/digital-signage\/\" target=\"_blank\" rel=\"noopener\">Digital Signage<\/a>, <a class=\"link-no-arrow\" href=\"https:\/\/smartperform.de\/en\/project\/digital-sales\/\" target=\"_blank\" rel=\"noopener\">Digital Sales<\/a> and <a class=\"link-no-arrow\" href=\"https:\/\/smartperform.de\/en\/project\/shopfloor-2\/\" target=\"_blank\" rel=\"noopener\">Shopfloor <\/a>applications.<\/p>\n<p>[\/et_pb_text][et_pb_divider show_divider=&#8221;off&#8221; _builder_version=&#8221;4.16&#8243; height=&#8221;50px&#8221; global_colors_info=&#8221;{}&#8221;][\/et_pb_divider][et_pb_portfolio fullwidth=&#8221;off&#8221; posts_number=&#8221;20&#8243; include_categories=&#8221;367&#8243; show_categories=&#8221;off&#8221; show_pagination=&#8221;off&#8221; _builder_version=&#8221;4.17.6&#8243; _module_preset=&#8221;default&#8221; global_colors_info=&#8221;{}&#8221;][\/et_pb_portfolio][et_pb_divider show_divider=&#8221;off&#8221; _builder_version=&#8221;4.16&#8243; height=&#8221;5px&#8221; global_colors_info=&#8221;{}&#8221;][\/et_pb_divider][\/et_pb_column][\/et_pb_row][\/et_pb_section][et_pb_section fb_built=&#8221;1&#8243; admin_label=&#8221;Applications&#8221; _builder_version=&#8221;4.25.0&#8243; background_color=&#8221;#f2f2f2&#8243; hover_enabled=&#8221;0&#8243; collapsed=&#8221;off&#8221; global_colors_info=&#8221;{}&#8221; module_id=&#8221;applications&#8221; sticky_enabled=&#8221;0&#8243;][et_pb_row _builder_version=&#8221;4.16&#8243; background_size=&#8221;initial&#8221; background_position=&#8221;top_left&#8221; background_repeat=&#8221;repeat&#8221; global_colors_info=&#8221;{}&#8221;][et_pb_column type=&#8221;4_4&#8243; _builder_version=&#8221;4.16&#8243; custom_padding=&#8221;|||&#8221; global_colors_info=&#8221;{}&#8221; custom_padding__hover=&#8221;|||&#8221;][et_pb_divider show_divider=&#8221;off&#8221; _builder_version=&#8221;4.16&#8243; height=&#8221;5px&#8221; global_colors_info=&#8221;{}&#8221;][\/et_pb_divider][et_pb_text admin_label=&#8221;Text Einsatzbereiche&#8221; _builder_version=&#8221;4.25.0&#8243; global_colors_info=&#8221;{}&#8221;]<\/p>\n<h1>Applications<\/h1>\n<p style=\"text-align: left;\"><span style=\"color: #00a4c2; font-size: 16pt;\">Just one tool for all your digital communicatio<strong>n<\/strong><\/span><\/p>\n<p style=\"text-align: left;\">Digital experiences that connect people, driven by the latest technologies, can be found in companies from industry, business and finance, in political, scientific or medical centres, in public areas, hotels, academies and trade fairs \u2013 wherever your digital communication contributes to increasing brand presence, image and efficiency.<\/p>\n<p>[\/et_pb_text][et_pb_divider show_divider=&#8221;off&#8221; _builder_version=&#8221;4.16&#8243; height=&#8221;50px&#8221; global_colors_info=&#8221;{}&#8221;][\/et_pb_divider][et_pb_portfolio fullwidth=&#8221;off&#8221; include_categories=&#8221;370&#8243; show_categories=&#8221;off&#8221; show_pagination=&#8221;off&#8221; _builder_version=&#8221;4.17.6&#8243; _module_preset=&#8221;default&#8221; global_colors_info=&#8221;{}&#8221;][\/et_pb_portfolio][et_pb_divider show_divider=&#8221;off&#8221; _builder_version=&#8221;4.16&#8243; height=&#8221;5px&#8221; global_colors_info=&#8221;{}&#8221;][\/et_pb_divider][\/et_pb_column][\/et_pb_row][\/et_pb_section][et_pb_section fb_built=&#8221;1&#8243; custom_padding_last_edited=&#8221;on|phone&#8221; admin_label=&#8221;Take the next Step&#8221; _builder_version=&#8221;4.25.0&#8243; background_color=&#8221;#3b4559&#8243; custom_padding_tablet=&#8221;&#8221; custom_padding_phone=&#8221;37px|0px|34px|0px&#8221; global_module=&#8221;67825&#8243; collapsed=&#8221;off&#8221; global_colors_info=&#8221;{}&#8221;][et_pb_row admin_label=&#8221;row&#8221; _builder_version=&#8221;4.16&#8243; background_size=&#8221;initial&#8221; background_position=&#8221;top_left&#8221; background_repeat=&#8221;repeat&#8221; global_colors_info=&#8221;{}&#8221;][et_pb_column type=&#8221;4_4&#8243; _builder_version=&#8221;4.16&#8243; custom_padding=&#8221;|||&#8221; global_colors_info=&#8221;{}&#8221; custom_padding__hover=&#8221;|||&#8221;][et_pb_text admin_label=&#8221;Text Take the next Step&#8221; _builder_version=&#8221;4.25.0&#8243; global_colors_info=&#8221;{}&#8221;]<\/p>\n<h2 class=\"isFirst isLast\"><span style=\"color: #ffffff;\">Take the next Step<\/span><\/h2>\n<p style=\"text-align: left;\">[\/et_pb_text][\/et_pb_column][\/et_pb_row][et_pb_row column_structure=&#8221;1_4,1_4,1_4,1_4&#8243; use_custom_gutter=&#8221;on&#8221; _builder_version=&#8221;4.25.0&#8243; background_size=&#8221;initial&#8221; background_position=&#8221;top_left&#8221; background_repeat=&#8221;repeat&#8221; custom_padding=&#8221;20px||20px||false|false&#8221; global_colors_info=&#8221;{}&#8221;][et_pb_column type=&#8221;1_4&#8243; _builder_version=&#8221;4.16&#8243; custom_padding=&#8221;|||&#8221; global_colors_info=&#8221;{}&#8221; custom_padding__hover=&#8221;|||&#8221;][et_pb_image src=&#8221;https:\/\/smartperform.de\/wp-content\/uploads\/2024\/07\/Teaserbild-Beartung.jpg&#8221; alt=&#8221;Beratung von smartPerform f\u00fcr Sie&#8221; title_text=&#8221;Teaserbild-Beartung&#8221; align_tablet=&#8221;center&#8221; align_phone=&#8221;&#8221; align_last_edited=&#8221;on|desktop&#8221; admin_label=&#8221;Bild Verkaufsberatung&#8221; _builder_version=&#8221;4.25.0&#8243; global_colors_info=&#8221;{}&#8221;][\/et_pb_image][et_pb_text admin_label=&#8221;Text Verkaufsberatung&#8221; _builder_version=&#8221;4.25.0&#8243; global_colors_info=&#8221;{}&#8221;]<\/p>\n<h2><span style=\"color: #ffffff;\">Consulting<\/span><\/h2>\n<p><span style=\"color: #ffffff;\">Our team will advise you on the use and possibilities, determine your budget requirements or coordinate the next steps with you on your way to your smartPerform application.<\/span><\/p>\n<p style=\"text-align: left;\"><span style=\"color: #ffffff;\"><strong>This is how you can reach us:<br \/><\/strong><\/span><span style=\"color: #ffffff;\"><a class=\"link-no-arrow\" href=\"tel:004971272097300\">Sales: +49 (0) 7127 20973-00<\/a><\/span><br \/><span style=\"color: #ffffff;\"><a class=\"link-arrow\" style=\"color: #ffffff;\" href=\"mailto:sales@smartperform.de\">sales@smartperform.de<\/a><\/span><br \/><span style=\"color: #ffffff;\"><a class=\"link-arrow\" style=\"color: #ffffff;\" href=\"https:\/\/smartperform.de\/en\/contact\/\">Contact<\/a><\/span><\/p>\n<p style=\"text-align: left;\">[\/et_pb_text][\/et_pb_column][et_pb_column type=&#8221;1_4&#8243; _builder_version=&#8221;4.16&#8243; custom_padding=&#8221;|||&#8221; global_colors_info=&#8221;{}&#8221; custom_padding__hover=&#8221;|||&#8221;][et_pb_image src=&#8221;https:\/\/smartperform.de\/wp-content\/uploads\/2024\/07\/Teaserbild-Demo.jpg&#8221; alt=&#8221;Testversion von smartPerform Software&#8221; title_text=&#8221;Teaserbild-Testversion&#8221; align_tablet=&#8221;center&#8221; align_phone=&#8221;&#8221; align_last_edited=&#8221;on|desktop&#8221; admin_label=&#8221;Bild Testversion&#8221; _builder_version=&#8221;4.25.0&#8243; global_colors_info=&#8221;{}&#8221;][\/et_pb_image][et_pb_text admin_label=&#8221;Text Testversionen&#8221; _builder_version=&#8221;4.25.0&#8243; global_colors_info=&#8221;{}&#8221;]<\/p>\n<h2><span style=\"color: #ffffff;\">Demo Version<\/span><\/h2>\n<p><span style=\"color: #ffffff;\">Design and content management with the smartPerform &#8220;Designer Edition Advanced&#8221;.<\/span><\/p>\n<p><span style=\"color: #ffffff;\">Start with a sample application suitable for your solution or area of application. The complete application with neutral media content can be individually adapted and expanded and serves as a presentation and template. <a class=\"link-arrow\" style=\"color: #ffffff;\" href=\"https:\/\/smartperform.de\/en\/cart\/\">Request demo version<\/a> <a class=\"link-arrow\" style=\"color: #ffffff;\" href=\"https:\/\/smartperform.de\/en\/example-applications\/\">View sample applications<\/a><\/span><\/p>\n<p>[\/et_pb_text][\/et_pb_column][et_pb_column type=&#8221;1_4&#8243; _builder_version=&#8221;4.16&#8243; custom_padding=&#8221;|||&#8221; global_colors_info=&#8221;{}&#8221; custom_padding__hover=&#8221;|||&#8221;][et_pb_image src=&#8221;https:\/\/smartperform.de\/wp-content\/uploads\/2024\/07\/Teaserbild-Webinare-340&#215;255-1.jpg&#8221; alt=&#8221;%91object Object%93&#8243; title_text=&#8221;Teaserbild-Webinare-340&#215;255&#8243; align_tablet=&#8221;center&#8221; align_phone=&#8221;&#8221; align_last_edited=&#8221;on|desktop&#8221; admin_label=&#8221;Bild Akademie&#8221; _builder_version=&#8221;4.25.0&#8243; global_colors_info=&#8221;{}&#8221;][\/et_pb_image][et_pb_text admin_label=&#8221;Text Akademie&#8221; _builder_version=&#8221;4.25.0&#8243; global_colors_info=&#8221;{}&#8221;]<\/p>\n<h2><span style=\"color: #ffffff;\">Academy<\/span><\/h2>\n<p><span style=\"color: #ffffff;\">Our personal training courses provide know-how on the creation and handling of smartPerform user interfaces and their functions.<\/span><\/p>\n<p><span style=\"color: #ffffff;\">Webinars provide initial insights into the basics and applications of our smartPerform products.<\/span><\/p>\n<p><span style=\"color: #ffffff;\">With the online trainer, you can reach your learning goal quickly &#8211; regardless of time, location and device. The learning platform contains all the tools you need for efficient self-study.<\/span><br \/><span style=\"color: #ffffff;\"> <a class=\"link-arrow\" style=\"color: #ffffff;\" href=\"https:\/\/smartperform.de\/en\/support-2\/training-and-webinars\/\">Overview<\/a><\/span><\/p>\n<p style=\"text-align: left;\">[\/et_pb_text][\/et_pb_column][et_pb_column type=&#8221;1_4&#8243; _builder_version=&#8221;4.16&#8243; custom_padding=&#8221;|||&#8221; global_colors_info=&#8221;{}&#8221; custom_padding__hover=&#8221;|||&#8221;][et_pb_image src=&#8221;https:\/\/smartperform.de\/wp-content\/uploads\/2024\/07\/Teaserbild-Dokumente.jpg&#8221; alt=&#8221;%91object Object%93&#8243; title_text=&#8221;Teaserbild-Dokumente&#8221; align_tablet=&#8221;center&#8221; align_phone=&#8221;&#8221; align_last_edited=&#8221;on|desktop&#8221; admin_label=&#8221;Bild Dokumente&#8221; _builder_version=&#8221;4.25.0&#8243; global_colors_info=&#8221;{}&#8221;][\/et_pb_image][et_pb_text admin_label=&#8221;Text Dokumente&#8221; _builder_version=&#8221;4.25.0&#8243; global_colors_info=&#8221;{}&#8221;]<\/p>\n<h2><span style=\"color: #ffffff;\">Documents<\/span><\/h2>\n<p><span style=\"color: #ffffff;\">Logo files, product and application flyers, quick start guides and our digital manual &#8211; you can find them all here.<\/span><br \/><span style=\"color: #ffffff;\"> <a class=\"link-arrow\" style=\"color: #ffffff;\" href=\"https:\/\/smartperform.de\/en\/downloads-2\/\">Documents<\/a><\/span><\/p>\n<p style=\"text-align: left;\">[\/et_pb_text][\/et_pb_column][\/et_pb_row][\/et_pb_section]<\/p>\n","protected":false},"excerpt":{"rendered":"<p>Software Solutions Intuitive user interfaces powered by smartPerform You can find it today in all areas of digital communication such as Meeting and Collaboration Areas, Information Systems, Digital Notice Boards, Teaching and Learning, Touchscreen Table, Interactive Videowall, Digital Signage, Digital Sales and Shopfloor applications.Applications Just one tool for all your digital communication Digital experiences that [&hellip;]<\/p>\n","protected":false},"author":1,"featured_media":0,"parent":0,"menu_order":0,"comment_status":"open","ping_status":"closed","template":"","meta":{"_acf_changed":false,"_seopress_robots_primary_cat":"","_seopress_titles_title":"Solutions and areas of application of intuitive user interfaces","_seopress_titles_desc":"Solutions and areas of application from the areas of digital communication, meeting and collaboration areas, presentation exhibits, digital bulletin board, training and education, multi-touch tables, multi-touch power walls, information steles, digital sales and shop floor applications.","_seopress_robots_index":"","_et_pb_use_builder":"on","_et_pb_old_content":"[et_pb_section bb_built=\"1\" background_image=\"https:\/\/smartperform.de\/wp-content\/uploads\/2016\/12\/Headerbild-Player-License.jpg\" padding_mobile=\"off\" fullwidth=\"on\" custom_padding_tablet=\"50px|0|50px|0\" custom_padding_last_edited=\"on|desktop\"][et_pb_fullwidth_header title=\"Anwendungen\" subhead=\"Sie finden sie \u00fcberall \u2013 multimediale Eyecatcher\" background_layout=\"dark\" text_orientation=\"center\" background_url=\"https:\/\/smartperform.de\/wp-content\/uploads\/2016\/10\/Header_volbreite-Kopfzeile_neutral.jpg\" title_font_size=\"52\" subhead_font_size=\"35\" background_image=\"https:\/\/smartperform.de\/wp-content\/uploads\/2016\/10\/Header_volbreite-Kopfzeile_neutral.jpg\"]\r\n[\/et_pb_fullwidth_header][\/et_pb_section][et_pb_section bb_built=\"1\" admin_label=\"section\" background_color=\"#f2f2f2\" padding_mobile=\"off\" custom_padding_tablet=\"50px|0|50px|0\" custom_padding_last_edited=\"on|desktop\"][et_pb_row admin_label=\"row\" background_position=\"top_left\" background_repeat=\"repeat\" background_size=\"initial\"][et_pb_column type=\"4_4\"][et_pb_text text_orientation=\"center\" max_width=\"700px\" module_alignment=\"center\" background_position=\"top_left\" background_repeat=\"repeat\" background_size=\"initial\"]\r\n\r\nsmartPerform bietet Ihnen f\u00fcr viele Anwendungen eine individuell angepasste und nachhaltige Softwarel\u00f6sung. MultiChannel Kommunikation ist hier das Stichwort \u2013 sehen Sie selbst:\r\n\r\n[\/et_pb_text][et_pb_divider height=\"5\" disabled_on=\"on|on|off\"]\r\n[\/et_pb_divider][et_pb_portfolio fullwidth=\"off\" posts_number=\"8\" show_categories=\"off\" show_pagination=\"off\" include_categories=\"251,253\" background_position=\"top_left\" background_repeat=\"repeat\" background_size=\"initial\"]\r\n[\/et_pb_portfolio][\/et_pb_column][\/et_pb_row][\/et_pb_section][et_pb_section bb_built=\"1\" admin_label=\"Section\" background_color=\"#ffffff\" padding_mobile=\"off\" custom_padding_tablet=\"50px|0|50px|0\" custom_padding_last_edited=\"on|desktop\"][et_pb_row admin_label=\"Row\" background_position=\"top_left\" background_repeat=\"repeat\" background_size=\"initial\"][et_pb_column type=\"1_3\"][et_pb_image admin_label=\"Presentation Image\" src=\"https:\/\/smartperform.de\/wp-content\/uploads\/2015\/11\/retail_thumbnail3_400x284-04.jpg\" alt=\"presentation\" animation=\"off\" align=\"center\" animation_style=\"none\" animation_duration=\"1000ms\" animation_intensity_slide=\"50%\" show_bottom_space=\"on\"]\r\n[\/et_pb_image][et_pb_text admin_label=\"Presentation Text\" text_orientation=\"justified\" background_position=\"top_left\" background_repeat=\"repeat\" background_size=\"initial\"]\r\n<h2 style=\"text-align: left;\">Pr\u00e4sentation<\/h2>\r\n<p style=\"text-align: left;\">Beeindrucken und begeistern Sie ihre Kunden. Egal ob als Infoterminal auf dem Messestand, hochaufl\u00f6sender Multitouchtisch im Flagshipstore oder interaktive Displaywand im Showroom \u2013 mit smartPerform schaffen Sie ein bleibendes Benutzungserlebnisse.\r\nDabei kann eine Marke, ein Produkt oder ein Thema inszeniert und interaktiv erlebbar gemacht werden \u2013 ganz einfach, beeindruckend und dennoch standardisiert und mit ausgekl\u00fcgeltem Content-Management.<\/p>\r\n[\/et_pb_text][\/et_pb_column][et_pb_column type=\"1_3\"][et_pb_image admin_label=\"Collaboration Image\" src=\"https:\/\/smartperform.de\/wp-content\/uploads\/2015\/11\/conferenceroom2_thumbnail_400x284-02.jpg\" alt=\"collaboration\" animation=\"off\" align=\"center\" animation_style=\"none\" animation_duration=\"1000ms\" animation_intensity_slide=\"50%\" show_bottom_space=\"on\"]\r\n[\/et_pb_image][et_pb_text admin_label=\"Collaboration Text\" text_orientation=\"justified\" background_position=\"top_left\" background_repeat=\"repeat\" background_size=\"initial\"]\r\n<h2 style=\"text-align: left;\">Kollaboration<\/h2>\r\n<p style=\"text-align: left;\">smartPerform bietet die beste, individuell ma\u00dfgeschneiderte und interaktive Anwendung f\u00fcr alle Ihre R\u00e4ume: f\u00fcr Meetings, Pr\u00e4sentationen, Konferenzen oder Seminare.<\/p>\r\n<p style=\"text-align: left;\">Eine v\u00f6llig neue Form der Kollaboration l\u00e4sst Technikh\u00fcrden verschwinden und integriert die gesamte Bedienung und Interaktion in einer Oberfl\u00e4che. Egal ob Pr\u00e4sentationsmaterialien, interaktives Whiteboard oder Steuerung der Medien und Raumtechnik \u2013 smartPerform macht Meetings und Seminare wieder einfach, kreativ, begeisternd.<\/p>\r\n[\/et_pb_text][\/et_pb_column][et_pb_column type=\"1_3\"][et_pb_image admin_label=\"Best of Image\" src=\"https:\/\/smartperform.de\/wp-content\/uploads\/2015\/11\/salesteams_thumbnail2_400x284-05.jpg\" alt=\"presentation\" animation=\"off\" align=\"center\" animation_style=\"none\" animation_duration=\"1000ms\" animation_intensity_slide=\"50%\" show_bottom_space=\"on\"]\r\n[\/et_pb_image][et_pb_text admin_label=\"Best of Text\" text_orientation=\"justified\" background_position=\"top_left\" background_repeat=\"repeat\" background_size=\"initial\"]\r\n<h2 style=\"text-align: left;\">Das Beste aus beiden Welten<\/h2>\r\n<p style=\"text-align: left;\">Durch die einfache Handhabung von smartPerform k\u00f6nnen sowohl Kollaborationsfunktionen, als auch Pr\u00e4sentationsfunktionen vereint werden. Die ideale Softwarel\u00f6sung f\u00fcr Ihren Vertrieb oder Ihren multifunktionalen Showroom.<\/p>\r\n[\/et_pb_text][\/et_pb_column][\/et_pb_row][\/et_pb_section][et_pb_section bb_built=\"1\" admin_label=\"Section\" background_color=\"#dddb00\" padding_mobile=\"off\" module_class=\"bottom-feeder\" custom_padding_tablet=\"50px|0|50px|0\" custom_padding_last_edited=\"on|desktop\"][et_pb_row admin_label=\"Row\" custom_padding=\"45px||45px|\" padding_mobile=\"off\" column_padding_mobile=\"on\" parallax_method_1=\"off\" parallax_method_2=\"off\" parallax_method_3=\"off\" background_position=\"top_left\" background_repeat=\"repeat\" background_size=\"initial\"][et_pb_column type=\"1_4\"][\/et_pb_column][et_pb_column type=\"1_2\"][et_pb_text admin_label=\"Fragen Sie uns!\" text_orientation=\"center\" module_alignment=\"center\" background_position=\"top_left\" background_repeat=\"repeat\" background_size=\"initial\" _builder_version=\"3.0.89\" background_layout=\"light\"]\r\n<h1 style=\"text-align: center;\">Fragen Sie uns!<\/h1>\r\n[\/et_pb_text][et_pb_cta admin_label=\"Call To Action\" button_url=\"https:\/\/smartperform.de\/de\/kontakt\/\" button_text=\"Kontakt\" use_background_color=\"off\" background_position=\"top_left\" background_repeat=\"repeat\" background_size=\"initial\"]\r\n[\/et_pb_cta][\/et_pb_column][et_pb_column type=\"1_4\"][\/et_pb_column][\/et_pb_row][\/et_pb_section]","_et_gb_content_width":"","footnotes":""},"dipi_cpt_category":[],"class_list":["post-23404","page","type-page","status-publish","hentry"],"acf":[],"_links":{"self":[{"href":"https:\/\/smartperform.de\/en\/wp-json\/wp\/v2\/pages\/23404","targetHints":{"allow":["GET"]}}],"collection":[{"href":"https:\/\/smartperform.de\/en\/wp-json\/wp\/v2\/pages"}],"about":[{"href":"https:\/\/smartperform.de\/en\/wp-json\/wp\/v2\/types\/page"}],"author":[{"embeddable":true,"href":"https:\/\/smartperform.de\/en\/wp-json\/wp\/v2\/users\/1"}],"replies":[{"embeddable":true,"href":"https:\/\/smartperform.de\/en\/wp-json\/wp\/v2\/comments?post=23404"}],"version-history":[{"count":7,"href":"https:\/\/smartperform.de\/en\/wp-json\/wp\/v2\/pages\/23404\/revisions"}],"predecessor-version":[{"id":72081,"href":"https:\/\/smartperform.de\/en\/wp-json\/wp\/v2\/pages\/23404\/revisions\/72081"}],"wp:attachment":[{"href":"https:\/\/smartperform.de\/en\/wp-json\/wp\/v2\/media?parent=23404"}],"wp:term":[{"taxonomy":"dipi_cpt_category","embeddable":true,"href":"https:\/\/smartperform.de\/en\/wp-json\/wp\/v2\/dipi_cpt_category?post=23404"}],"curies":[{"name":"wp","href":"https:\/\/api.w.org\/{rel}","templated":true}]}}