{"id":62037,"date":"2023-11-08T11:17:01","date_gmt":"2023-11-08T09:17:01","guid":{"rendered":"https:\/\/smartperform.de\/?page_id=62037"},"modified":"2024-05-22T19:00:38","modified_gmt":"2024-05-22T17:00:38","slug":"jobs","status":"publish","type":"page","link":"https:\/\/smartperform.de\/en\/jobs\/","title":{"rendered":"Jobs"},"content":{"rendered":"<p>[et_pb_section fb_built=&#8221;1&#8243; fullwidth=&#8221;on&#8221; _builder_version=&#8221;4.16&#8243; global_colors_info=&#8221;{}&#8221;][et_pb_fullwidth_header title=&#8221;Careers and Jobs with smartPerform&#8221; subhead=&#8221;Together we can Achieve more&#8221; text_orientation=&#8221;center&#8221; admin_label=&#8221;Karriere und Jobs bei smartPerform&#8221; _builder_version=&#8221;4.25.0&#8243; title_font_size=&#8221;52&#8243; subhead_font_size=&#8221;35&#8243; background_image=&#8221;https:\/\/smartperform.de\/wp-content\/uploads\/2024\/05\/Element-7.svg&#8221; max_width_tablet=&#8221;50px&#8221; hover_enabled=&#8221;0&#8243; background_url=&#8221;https:\/\/smartperform.de\/wp-content\/uploads\/2016\/10\/Header_volbreite-Kopfzeile_neutral.jpg&#8221; button_one_letter_spacing_hover=&#8221;0&#8243; button_two_letter_spacing_hover=&#8221;0&#8243; saved_tabs=&#8221;all&#8221; global_colors_info=&#8221;{}&#8221; button_one_text_size__hover_enabled=&#8221;off&#8221; button_two_text_size__hover_enabled=&#8221;off&#8221; button_one_text_color__hover_enabled=&#8221;off&#8221; button_two_text_color__hover_enabled=&#8221;off&#8221; button_one_border_width__hover_enabled=&#8221;off&#8221; button_two_border_width__hover_enabled=&#8221;off&#8221; button_one_border_color__hover_enabled=&#8221;off&#8221; button_two_border_color__hover_enabled=&#8221;off&#8221; button_one_border_radius__hover_enabled=&#8221;off&#8221; button_two_border_radius__hover_enabled=&#8221;off&#8221; button_one_letter_spacing__hover_enabled=&#8221;on&#8221; button_one_letter_spacing__hover=&#8221;0&#8243; button_two_letter_spacing__hover_enabled=&#8221;on&#8221; button_two_letter_spacing__hover=&#8221;0&#8243; button_one_bg_color__hover_enabled=&#8221;off&#8221; button_two_bg_color__hover_enabled=&#8221;off&#8221; background_enable_color=&#8221;off&#8221; title_text=&#8221;Element 7&#8243; sticky_enabled=&#8221;0&#8243;][\/et_pb_fullwidth_header][\/et_pb_section][et_pb_section fb_built=&#8221;1&#8243; _builder_version=&#8221;4.17.6&#8243; custom_padding=&#8221;||0px||false|false&#8221; global_colors_info=&#8221;{}&#8221;][et_pb_row admin_label=&#8221;Was das Unternehmen macht&#8221; _builder_version=&#8221;4.17.6&#8243; global_colors_info=&#8221;{}&#8221;][et_pb_column type=&#8221;4_4&#8243; _builder_version=&#8221;4.16&#8243; custom_padding=&#8221;|||&#8221; global_colors_info=&#8221;{}&#8221; custom_padding__hover=&#8221;|||&#8221;][et_pb_text admin_label=&#8221;Immersion7 GmbH&#8221; _builder_version=&#8221;4.17.6&#8243; global_colors_info=&#8221;{}&#8221;]<\/p>\n<h2>Immersion7 GmbH as an Employer<\/h2>\n<p>Our creative software &#8220;smartPerform Pro&#8221; is a Windows-based content management system that allows our customers to insert and customize their content via drag &amp; drop, without any programming knowledge. Thanks to its individuality, smartPerform supports a wide range of solution scenarios and areas of application &#8211; whether for interactive presentations, as a digital bulletin board, store floor solution, digital signage or for digital reception.<\/p>\n<p>We need your support so that our customers can operate smartPerform so easily!<br \/>Ready for a new challenge?<\/p>\n<p>[\/et_pb_text][\/et_pb_column][\/et_pb_row][et_pb_row _builder_version=&#8221;4.17.6&#8243; _module_preset=&#8221;default&#8221; custom_margin=&#8221;||||false|false&#8221; global_colors_info=&#8221;{}&#8221;][et_pb_column type=&#8221;4_4&#8243; _builder_version=&#8221;4.17.6&#8243; _module_preset=&#8221;default&#8221; global_colors_info=&#8221;{}&#8221;][et_pb_image src=&#8221;https:\/\/smartperform.de\/wp-content\/uploads\/2023\/11\/Foto-Collage_Job-Seite_23_SW_en.png&#8221; alt=&#8221;Foto-Collage_Job-Seite_23_SW_en&#8221; title_text=&#8221;Join Us&#8221; _builder_version=&#8221;4.17.6&#8243; _module_preset=&#8221;default&#8221; global_colors_info=&#8221;{}&#8221;][\/et_pb_image][\/et_pb_column][\/et_pb_row][\/et_pb_section][et_pb_section fb_built=&#8221;1&#8243; _builder_version=&#8221;4.17.6&#8243; _module_preset=&#8221;default&#8221; custom_margin=&#8221;0px||||false|false&#8221; custom_padding=&#8221;||||false|false&#8221; global_colors_info=&#8221;{}&#8221;][et_pb_row column_structure=&#8221;1_4,1_4,1_4,1_4&#8243; _builder_version=&#8221;4.17.6&#8243; _module_preset=&#8221;default&#8221; global_colors_info=&#8221;{}&#8221;][et_pb_column type=&#8221;1_4&#8243; _builder_version=&#8221;4.17.6&#8243; _module_preset=&#8221;default&#8221; global_colors_info=&#8221;{}&#8221;][et_pb_icon font_icon=&#8221;&#xf0eb;||fa||900&#8243; _builder_version=&#8221;4.17.6&#8243; _module_preset=&#8221;default&#8221; global_colors_info=&#8221;{}&#8221;][\/et_pb_icon][et_pb_text admin_label=&#8221;2014 gegr\u00fcndet&#8221; _builder_version=&#8221;4.17.6&#8243; _module_preset=&#8221;default&#8221; global_colors_info=&#8221;{}&#8221;]<\/p>\n<h3 style=\"text-align: center;\">Founded in 2014<\/h3>\n<p>[\/et_pb_text][\/et_pb_column][et_pb_column type=&#8221;1_4&#8243; _builder_version=&#8221;4.17.6&#8243; _module_preset=&#8221;default&#8221; global_colors_info=&#8221;{}&#8221;][et_pb_icon font_icon=&#8221;&#xf500;||fa||900&#8243; _builder_version=&#8221;4.17.6&#8243; _module_preset=&#8221;default&#8221; global_colors_info=&#8221;{}&#8221;][\/et_pb_icon][et_pb_text admin_label=&#8221;15 Mitarbeiter&#8221; _builder_version=&#8221;4.17.6&#8243; _module_preset=&#8221;default&#8221; global_colors_info=&#8221;{}&#8221;]<\/p>\n<h3 style=\"text-align: center;\">15 Employees<\/h3>\n<p>[\/et_pb_text][\/et_pb_column][et_pb_column type=&#8221;1_4&#8243; _builder_version=&#8221;4.17.6&#8243; _module_preset=&#8221;default&#8221; global_colors_info=&#8221;{}&#8221;][et_pb_icon font_icon=&#8221;&#xe084;||fa||400&#8243; _builder_version=&#8221;4.17.6&#8243; _module_preset=&#8221;default&#8221; global_colors_info=&#8221;{}&#8221;][\/et_pb_icon][et_pb_text admin_label=&#8221;Software&#8221; _builder_version=&#8221;4.17.6&#8243; _module_preset=&#8221;default&#8221; global_colors_info=&#8221;{}&#8221;]<\/p>\n<h3 style=\"text-align: center;\">Software<\/h3>\n<p>[\/et_pb_text][\/et_pb_column][et_pb_column type=&#8221;1_4&#8243; _builder_version=&#8221;4.17.6&#8243; _module_preset=&#8221;default&#8221; global_colors_info=&#8221;{}&#8221;][et_pb_icon font_icon=&#8221;&#xf372;||fa||400&#8243; _builder_version=&#8221;4.17.6&#8243; _module_preset=&#8221;default&#8221; global_colors_info=&#8221;{}&#8221;][\/et_pb_icon][et_pb_text admin_label=&#8221;Mittelstand&#8221; _builder_version=&#8221;4.17.6&#8243; _module_preset=&#8221;default&#8221; global_colors_info=&#8221;{}&#8221;]<\/p>\n<h3 style=\"text-align: center;\">Middle Class<\/h3>\n<p>[\/et_pb_text][\/et_pb_column][\/et_pb_row][\/et_pb_section][et_pb_section fb_built=&#8221;1&#8243; _builder_version=&#8221;4.17.6&#8243; _module_preset=&#8221;default&#8221; background_color=&#8221;#f2f2f2&#8243; global_colors_info=&#8221;{}&#8221;][et_pb_row _builder_version=&#8221;4.17.6&#8243; _module_preset=&#8221;default&#8221; global_colors_info=&#8221;{}&#8221;][et_pb_column type=&#8221;4_4&#8243; _builder_version=&#8221;4.17.6&#8243; _module_preset=&#8221;default&#8221; global_colors_info=&#8221;{}&#8221;][et_pb_text admin_label=&#8221;Was Sie erwartet?&#8221; _builder_version=&#8221;4.17.6&#8243; _module_preset=&#8221;default&#8221; global_colors_info=&#8221;{}&#8221;]<\/p>\n<h2>What can you Expect from us?<\/h2>\n<p>[\/et_pb_text][\/et_pb_column][\/et_pb_row][et_pb_row column_structure=&#8221;1_2,1_2&#8243; _builder_version=&#8221;4.17.6&#8243; _module_preset=&#8221;default&#8221; global_colors_info=&#8221;{}&#8221;][et_pb_column type=&#8221;1_2&#8243; _builder_version=&#8221;4.17.6&#8243; _module_preset=&#8221;default&#8221; global_colors_info=&#8221;{}&#8221;][et_pb_text admin_label=&#8221;Teamgeist&#8221; _builder_version=&#8221;4.17.6&#8243; _module_preset=&#8221;default&#8221; global_colors_info=&#8221;{}&#8221;]<\/p>\n<h3>Team spirit<\/h3>\n<p>We firmly believe in flat hierarchies and strong team cohesion. With us, you are not just a cog in the wheel, but a valuable member of a committed team.<\/p>\n<p>[\/et_pb_text][et_pb_text admin_label=&#8221;Homeoffice&#8221; _builder_version=&#8221;4.17.6&#8243; _module_preset=&#8221;default&#8221; global_colors_info=&#8221;{}&#8221;]<\/p>\n<h3>Home office<\/h3>\n<p>With the option for home office and office work, you can choose your place of work flexibly. Whether you prefer to be productive within your own four walls or prefer the office atmosphere &#8211; we offer you the choice.<\/p>\n<p>[\/et_pb_text][\/et_pb_column][et_pb_column type=&#8221;1_2&#8243; _builder_version=&#8221;4.17.6&#8243; _module_preset=&#8221;default&#8221; global_colors_info=&#8221;{}&#8221;][et_pb_text admin_label=&#8221;Eigeninitiative und Verantwortung&#8221; _builder_version=&#8221;4.17.6&#8243; _module_preset=&#8221;default&#8221; global_colors_info=&#8221;{}&#8221;]<\/p>\n<h3>Personal Initiative and Responsibility<\/h3>\n<p>We attach great importance to personal initiative and enable you to take responsibility in your area of work and find solutions independently.<\/p>\n<p>[\/et_pb_text][et_pb_text admin_label=&#8221;Teamfr\u00fchst\u00fcck&#8221; _builder_version=&#8221;4.17.6&#8243; _module_preset=&#8221;default&#8221; global_colors_info=&#8221;{}&#8221;]<\/p>\n<h3>Team Breakfast<\/h3>\n<p>Our team cultivates a culture of togetherness and appreciation. Every Monday, we start our working day with a breakfast together before our team meeting.<\/p>\n<p>[\/et_pb_text][\/et_pb_column][\/et_pb_row][\/et_pb_section][et_pb_section fb_built=&#8221;1&#8243; _builder_version=&#8221;4.17.6&#8243; background_color=&#8221;#f2f2f2&#8243; global_colors_info=&#8221;{}&#8221;][et_pb_row column_structure=&#8221;1_2,1_2&#8243; _builder_version=&#8221;4.16&#8243; global_colors_info=&#8221;{}&#8221;][et_pb_column type=&#8221;1_2&#8243; _builder_version=&#8221;4.16&#8243; custom_padding=&#8221;|||&#8221; global_colors_info=&#8221;{}&#8221; custom_padding__hover=&#8221;|||&#8221;][et_pb_text admin_label=&#8221;Ihre Bewerbung&#8221; _builder_version=&#8221;4.17.6&#8243; global_colors_info=&#8221;{}&#8221;]<\/p>\n<h2>Your Application<\/h2>\n<p>Are you interested in an exciting job with lots of development potential? Then send us your application by e-mail to Mr. Marc Armbruster (m.armbruster@smartperform.de). Please let us know your earliest possible starting date and your salary expectations.<\/p>\n<p>[\/et_pb_text][\/et_pb_column][et_pb_column type=&#8221;1_2&#8243; _builder_version=&#8221;4.16&#8243; custom_padding=&#8221;|||&#8221; global_colors_info=&#8221;{}&#8221; custom_padding__hover=&#8221;|||&#8221;][et_pb_text admin_label=&#8221;Ihre Bewerbung&#8221; _builder_version=&#8221;4.17.6&#8243; global_colors_info=&#8221;{}&#8221;]<\/p>\n<h2>Your Direct Contact<\/h2>\n<p>Mr. Marc Armbruster<br \/>Managing Director<br \/>Phone: +49 (0) 7127 20973 &#8211; 00<br \/>m.armbruster@smartperform.de<\/p>\n<p>&nbsp;<\/p>\n<p>[\/et_pb_text][\/et_pb_column][\/et_pb_row][\/et_pb_section]<\/p>\n","protected":false},"excerpt":{"rendered":"<p>Immersion7 GmbH as an Employer Our creative software &#8220;smartPerform Pro&#8221; is a Windows-based content management system that allows our customers to insert and customize their content via drag &amp; drop, without any programming knowledge. Thanks to its individuality, smartPerform supports a wide range of solution scenarios and areas of application &#8211; whether for interactive presentations, [&hellip;]<\/p>\n","protected":false},"author":1,"featured_media":0,"parent":0,"menu_order":0,"comment_status":"closed","ping_status":"closed","template":"","meta":{"_acf_changed":false,"_seopress_robots_primary_cat":"0","_seopress_titles_title":"","_seopress_titles_desc":"Aktuelle Stellenangebote: Die Immersion7 GmbH entwickelt und vermarktet die innovative Standardsoftwareplattform smartPerform. Unsere Partner setzen die in smartPerform selbst konfigurierten, interaktiven Benutzeroberfl\u00e4chen zur Inszenierung von Marken und Produkten oder zur Umsetzung moderner Meetingformen in Kollaborations- und Pr\u00e4sentationsanwendungen ihrer Kunden ein. Typische Einsatzbereiche sind Anwendungen in Markenshow und Verkaufsr\u00e4umen, in Besprechungs- und Konferenzr\u00e4umen, in Akademien, f\u00fcr Informationssysteme oder im Vertrieb. Die Innovationskraft und das Engagement unseres Teams sind der Motor unseres Erfolges.","_seopress_robots_index":"","_et_pb_use_builder":"on","_et_pb_old_content":"","_et_gb_content_width":"","footnotes":""},"dipi_cpt_category":[],"class_list":["post-62037","page","type-page","status-publish","hentry"],"acf":[],"_links":{"self":[{"href":"https:\/\/smartperform.de\/en\/wp-json\/wp\/v2\/pages\/62037","targetHints":{"allow":["GET"]}}],"collection":[{"href":"https:\/\/smartperform.de\/en\/wp-json\/wp\/v2\/pages"}],"about":[{"href":"https:\/\/smartperform.de\/en\/wp-json\/wp\/v2\/types\/page"}],"author":[{"embeddable":true,"href":"https:\/\/smartperform.de\/en\/wp-json\/wp\/v2\/users\/1"}],"replies":[{"embeddable":true,"href":"https:\/\/smartperform.de\/en\/wp-json\/wp\/v2\/comments?post=62037"}],"version-history":[{"count":7,"href":"https:\/\/smartperform.de\/en\/wp-json\/wp\/v2\/pages\/62037\/revisions"}],"predecessor-version":[{"id":65747,"href":"https:\/\/smartperform.de\/en\/wp-json\/wp\/v2\/pages\/62037\/revisions\/65747"}],"wp:attachment":[{"href":"https:\/\/smartperform.de\/en\/wp-json\/wp\/v2\/media?parent=62037"}],"wp:term":[{"taxonomy":"dipi_cpt_category","embeddable":true,"href":"https:\/\/smartperform.de\/en\/wp-json\/wp\/v2\/dipi_cpt_category?post=62037"}],"curies":[{"name":"wp","href":"https:\/\/api.w.org\/{rel}","templated":true}]}}